{"id":218,"date":"2022-05-17T10:38:03","date_gmt":"2022-05-17T08:38:03","guid":{"rendered":"http:\/\/www.frigoplast.net\/wordpress-2\/?page_id=218"},"modified":"2023-04-27T21:27:01","modified_gmt":"2023-04-27T19:27:01","slug":"servizi","status":"publish","type":"page","link":"https:\/\/www.frigoplast.net\/wordpress-2\/index.php\/servizi\/","title":{"rendered":"Servizi"},"content":{"rendered":"\t\t<div data-elementor-type=\"wp-page\" data-elementor-id=\"218\" class=\"elementor elementor-218\">\n\t\t\t\t\t\t\t\t\t<section class=\"elementor-section elementor-top-section elementor-element elementor-element-a8bbcb6 elementor-section-boxed elementor-section-height-default elementor-section-height-default\" data-id=\"a8bbcb6\" data-element_type=\"section\">\n\t\t\t\t\t\t<div class=\"elementor-container elementor-column-gap-default\">\n\t\t\t\t\t<div class=\"elementor-column elementor-col-33 elementor-top-column elementor-element elementor-element-144b4ad\" data-id=\"144b4ad\" data-element_type=\"column\">\n\t\t\t<div class=\"elementor-widget-wrap elementor-element-populated\">\n\t\t\t\t\t\t\t\t<div class=\"elementor-element elementor-element-7f6cf6b elementor-widget elementor-widget-heading\" data-id=\"7f6cf6b\" data-element_type=\"widget\" data-widget_type=\"heading.default\">\n\t\t\t\t<div class=\"elementor-widget-container\">\n\t\t\t<style>\/*! elementor - v3.12.2 - 23-04-2023 *\/\n.elementor-heading-title{padding:0;margin:0;line-height:1}.elementor-widget-heading .elementor-heading-title[class*=elementor-size-]>a{color:inherit;font-size:inherit;line-height:inherit}.elementor-widget-heading .elementor-heading-title.elementor-size-small{font-size:15px}.elementor-widget-heading .elementor-heading-title.elementor-size-medium{font-size:19px}.elementor-widget-heading .elementor-heading-title.elementor-size-large{font-size:29px}.elementor-widget-heading .elementor-heading-title.elementor-size-xl{font-size:39px}.elementor-widget-heading .elementor-heading-title.elementor-size-xxl{font-size:59px}<\/style><h2 class=\"elementor-heading-title elementor-size-default\">Vendita<\/h2>\t\t<\/div>\n\t\t\t\t<\/div>\n\t\t\t\t<div class=\"elementor-element elementor-element-448744e elementor-widget elementor-widget-heading\" data-id=\"448744e\" data-element_type=\"widget\" data-widget_type=\"heading.default\">\n\t\t\t\t<div class=\"elementor-widget-container\">\n\t\t\t<div class=\"elementor-heading-title elementor-size-default\">L'azienda ha spesso a disposizione mezzi in pronta consegna che possano sopperire alle esigenze della maggior parte dei clienti .<\/div>\t\t<\/div>\n\t\t\t\t<\/div>\n\t\t\t\t\t<\/div>\n\t\t<\/div>\n\t\t\t\t<div class=\"elementor-column elementor-col-66 elementor-top-column elementor-element elementor-element-d68600d\" data-id=\"d68600d\" data-element_type=\"column\">\n\t\t\t<div class=\"elementor-widget-wrap elementor-element-populated\">\n\t\t\t\t\t\t\t\t<div class=\"elementor-element elementor-element-4ca2afe elementor-widget elementor-widget-image\" data-id=\"4ca2afe\" data-element_type=\"widget\" data-widget_type=\"image.default\">\n\t\t\t\t<div class=\"elementor-widget-container\">\n\t\t\t<style>\/*! elementor - v3.12.2 - 23-04-2023 *\/\n.elementor-widget-image{text-align:center}.elementor-widget-image a{display:inline-block}.elementor-widget-image a img[src$=\".svg\"]{width:48px}.elementor-widget-image img{vertical-align:middle;display:inline-block}<\/style>\t\t\t\t\t\t\t\t\t\t\t\t<img width=\"300\" height=\"126\" src=\"https:\/\/www.frigoplast.net\/wordpress-2\/wp-content\/uploads\/Img-veicoli@4x-300x126.png\" class=\"attachment-medium size-medium wp-image-354\" alt=\"\" loading=\"lazy\" srcset=\"https:\/\/www.frigoplast.net\/wordpress-2\/wp-content\/uploads\/Img-veicoli@4x-300x126.png 300w, https:\/\/www.frigoplast.net\/wordpress-2\/wp-content\/uploads\/Img-veicoli@4x-1024x428.png 1024w, https:\/\/www.frigoplast.net\/wordpress-2\/wp-content\/uploads\/Img-veicoli@4x-768x321.png 768w, https:\/\/www.frigoplast.net\/wordpress-2\/wp-content\/uploads\/Img-veicoli@4x-1536x643.png 1536w, https:\/\/www.frigoplast.net\/wordpress-2\/wp-content\/uploads\/Img-veicoli@4x-2048x857.png 2048w\" sizes=\"(max-width: 300px) 100vw, 300px\" \/>\t\t\t\t\t\t\t\t\t\t\t\t\t\t\t<\/div>\n\t\t\t\t<\/div>\n\t\t\t\t\t<\/div>\n\t\t<\/div>\n\t\t\t\t\t\t\t<\/div>\n\t\t<\/section>\n\t\t\t\t<section class=\"elementor-section elementor-top-section elementor-element elementor-element-0a7830b elementor-section-boxed elementor-section-height-default elementor-section-height-default\" data-id=\"0a7830b\" data-element_type=\"section\">\n\t\t\t\t\t\t<div class=\"elementor-container elementor-column-gap-default\">\n\t\t\t\t\t<div class=\"elementor-column elementor-col-33 elementor-top-column elementor-element elementor-element-c58f941\" data-id=\"c58f941\" data-element_type=\"column\">\n\t\t\t<div class=\"elementor-widget-wrap elementor-element-populated\">\n\t\t\t\t\t\t\t\t<div class=\"elementor-element elementor-element-883ee28 elementor-widget elementor-widget-heading\" data-id=\"883ee28\" data-element_type=\"widget\" data-widget_type=\"heading.default\">\n\t\t\t\t<div class=\"elementor-widget-container\">\n\t\t\t<h2 class=\"elementor-heading-title elementor-size-default\">Assistenza post vendita e ripristini<\/h2>\t\t<\/div>\n\t\t\t\t<\/div>\n\t\t\t\t<div class=\"elementor-element elementor-element-af4a1e7 elementor-widget elementor-widget-text-editor\" data-id=\"af4a1e7\" data-element_type=\"widget\" data-widget_type=\"text-editor.default\">\n\t\t\t\t<div class=\"elementor-widget-container\">\n\t\t\t<style>\/*! elementor - v3.12.2 - 23-04-2023 *\/\n.elementor-widget-text-editor.elementor-drop-cap-view-stacked .elementor-drop-cap{background-color:#69727d;color:#fff}.elementor-widget-text-editor.elementor-drop-cap-view-framed .elementor-drop-cap{color:#69727d;border:3px solid;background-color:transparent}.elementor-widget-text-editor:not(.elementor-drop-cap-view-default) .elementor-drop-cap{margin-top:8px}.elementor-widget-text-editor:not(.elementor-drop-cap-view-default) .elementor-drop-cap-letter{width:1em;height:1em}.elementor-widget-text-editor .elementor-drop-cap{float:left;text-align:center;line-height:1;font-size:50px}.elementor-widget-text-editor .elementor-drop-cap-letter{display:inline-block}<\/style>\t\t\t\t<p>L&#8217;assistenza non termina dopo l&#8217;acquisto. \u00c8 la nostra assistenza post-vendita che si occupa del supporto. Il nostro supporto \u00e8 molto pi\u00f9 di una semplice garanzia: \u00e8 un modo per prevenire e risolvere ogni tipo di problema relativo al tuo caso.<\/p>\t\t\t\t\t\t<\/div>\n\t\t\t\t<\/div>\n\t\t\t\t\t<\/div>\n\t\t<\/div>\n\t\t\t\t<div class=\"elementor-column elementor-col-66 elementor-top-column elementor-element elementor-element-26528ed\" data-id=\"26528ed\" data-element_type=\"column\">\n\t\t\t<div class=\"elementor-widget-wrap elementor-element-populated\">\n\t\t\t\t\t\t\t\t<div class=\"elementor-element elementor-element-1a7dd59 elementor-widget elementor-widget-image\" data-id=\"1a7dd59\" data-element_type=\"widget\" data-widget_type=\"image.default\">\n\t\t\t\t<div class=\"elementor-widget-container\">\n\t\t\t\t\t\t\t\t\t\t\t\t\t\t\t<img src=\"http:\/\/www.frigoplast.net\/wordpress-2\/wp-content\/uploads\/assis-post-e1652778677787.jpg\" title=\"\" alt=\"\" loading=\"lazy\" \/>\t\t\t\t\t\t\t\t\t\t\t\t\t\t\t<\/div>\n\t\t\t\t<\/div>\n\t\t\t\t<div class=\"elementor-element elementor-element-9eec1c6 elementor-widget elementor-widget-image\" data-id=\"9eec1c6\" data-element_type=\"widget\" data-widget_type=\"image.default\">\n\t\t\t\t<div class=\"elementor-widget-container\">\n\t\t\t\t\t\t\t\t\t\t\t\t\t\t\t<img width=\"300\" height=\"166\" src=\"https:\/\/www.frigoplast.net\/wordpress-2\/wp-content\/uploads\/assis-post-3.jpg\" class=\"attachment-medium size-medium wp-image-271\" alt=\"\" loading=\"lazy\" \/>\t\t\t\t\t\t\t\t\t\t\t\t\t\t\t<\/div>\n\t\t\t\t<\/div>\n\t\t\t\t\t<\/div>\n\t\t<\/div>\n\t\t\t\t\t\t\t<\/div>\n\t\t<\/section>\n\t\t\t\t<section class=\"elementor-section elementor-top-section elementor-element elementor-element-8c90109 elementor-section-boxed elementor-section-height-default elementor-section-height-default\" data-id=\"8c90109\" data-element_type=\"section\">\n\t\t\t\t\t\t<div class=\"elementor-container elementor-column-gap-default\">\n\t\t\t\t\t<div class=\"elementor-column elementor-col-33 elementor-top-column elementor-element elementor-element-ee38517\" data-id=\"ee38517\" data-element_type=\"column\">\n\t\t\t<div class=\"elementor-widget-wrap elementor-element-populated\">\n\t\t\t\t\t\t\t\t<div class=\"elementor-element elementor-element-1234d4e elementor-widget elementor-widget-heading\" data-id=\"1234d4e\" data-element_type=\"widget\" data-widget_type=\"heading.default\">\n\t\t\t\t<div class=\"elementor-widget-container\">\n\t\t\t<h2 class=\"elementor-heading-title elementor-size-default\">Sponde caricatrici<\/h2>\t\t<\/div>\n\t\t\t\t<\/div>\n\t\t\t\t<div class=\"elementor-element elementor-element-8b6e06d elementor-widget elementor-widget-text-editor\" data-id=\"8b6e06d\" data-element_type=\"widget\" data-widget_type=\"text-editor.default\">\n\t\t\t\t<div class=\"elementor-widget-container\">\n\t\t\t\t\t\t\t<p>Siamo in grado di rispondere in modo mirato a ogni esigenza del cliente, partendo dalla progettazione fino all\u2019installazione finale di sponde idrauliche per camion e furgoni. I nostri esperti garantiscono un\u2019assistenza completa per assecondare qualsiasi necessit\u00e0 di chi si rivolge alla nostra azienda<\/p>\t\t\t\t\t\t<\/div>\n\t\t\t\t<\/div>\n\t\t\t\t\t<\/div>\n\t\t<\/div>\n\t\t\t\t<div class=\"elementor-column elementor-col-66 elementor-top-column elementor-element elementor-element-004365f\" data-id=\"004365f\" data-element_type=\"column\">\n\t\t\t<div class=\"elementor-widget-wrap elementor-element-populated\">\n\t\t\t\t\t\t\t\t<div class=\"elementor-element elementor-element-1481260 elementor-widget elementor-widget-image\" data-id=\"1481260\" data-element_type=\"widget\" data-widget_type=\"image.default\">\n\t\t\t\t<div class=\"elementor-widget-container\">\n\t\t\t\t\t\t\t\t\t\t\t\t\t\t\t<img src=\"http:\/\/www.frigoplast.net\/wordpress-2\/wp-content\/uploads\/sponda-idraulica-caricatrice-con-fermaroll-nolobrai.jpg\" title=\"\" alt=\"\" loading=\"lazy\" \/>\t\t\t\t\t\t\t\t\t\t\t\t\t\t\t<\/div>\n\t\t\t\t<\/div>\n\t\t\t\t<div class=\"elementor-element elementor-element-c260446 elementor-widget elementor-widget-image\" data-id=\"c260446\" data-element_type=\"widget\" data-widget_type=\"image.default\">\n\t\t\t\t<div class=\"elementor-widget-container\">\n\t\t\t\t\t\t\t\t\t\t\t\t\t\t\t<img width=\"225\" height=\"300\" src=\"https:\/\/www.frigoplast.net\/wordpress-2\/wp-content\/uploads\/sponda-225x300.jpeg\" class=\"attachment-medium size-medium wp-image-282\" alt=\"\" loading=\"lazy\" srcset=\"https:\/\/www.frigoplast.net\/wordpress-2\/wp-content\/uploads\/sponda-225x300.jpeg 225w, https:\/\/www.frigoplast.net\/wordpress-2\/wp-content\/uploads\/sponda.jpeg 583w\" sizes=\"(max-width: 225px) 100vw, 225px\" \/>\t\t\t\t\t\t\t\t\t\t\t\t\t\t\t<\/div>\n\t\t\t\t<\/div>\n\t\t\t\t\t<\/div>\n\t\t<\/div>\n\t\t\t\t\t\t\t<\/div>\n\t\t<\/section>\n\t\t\t\t<section class=\"elementor-section elementor-top-section elementor-element elementor-element-67c5a58 elementor-section-boxed elementor-section-height-default elementor-section-height-default\" data-id=\"67c5a58\" data-element_type=\"section\">\n\t\t\t\t\t\t<div class=\"elementor-container elementor-column-gap-default\">\n\t\t\t\t\t<div class=\"elementor-column elementor-col-33 elementor-top-column elementor-element elementor-element-1111938\" data-id=\"1111938\" data-element_type=\"column\">\n\t\t\t<div class=\"elementor-widget-wrap elementor-element-populated\">\n\t\t\t\t\t\t\t\t<div class=\"elementor-element elementor-element-5899aa5 elementor-widget elementor-widget-heading\" data-id=\"5899aa5\" data-element_type=\"widget\" data-widget_type=\"heading.default\">\n\t\t\t\t<div class=\"elementor-widget-container\">\n\t\t\t<h2 class=\"elementor-heading-title elementor-size-default\">Grafica automezzi\n<\/h2>\t\t<\/div>\n\t\t\t\t<\/div>\n\t\t\t\t<div class=\"elementor-element elementor-element-fa23908 elementor-widget elementor-widget-text-editor\" data-id=\"fa23908\" data-element_type=\"widget\" data-widget_type=\"text-editor.default\">\n\t\t\t\t<div class=\"elementor-widget-container\">\n\t\t\t\t\t\t\t<p>Ci occupiamo della progettazione, della realizzazione e messa in opera di allestimenti per veicoli e decorazione di automezzi come camion, furgoni e automobili. La personalizzazione degli automezzi \u00e8 un\u2019ottima strategia di comunicazione aziendale.<\/p>\t\t\t\t\t\t<\/div>\n\t\t\t\t<\/div>\n\t\t\t\t\t<\/div>\n\t\t<\/div>\n\t\t\t\t<div class=\"elementor-column elementor-col-66 elementor-top-column elementor-element elementor-element-ce8a1b0\" data-id=\"ce8a1b0\" data-element_type=\"column\">\n\t\t\t<div class=\"elementor-widget-wrap elementor-element-populated\">\n\t\t\t\t\t\t\t\t<div class=\"elementor-element elementor-element-9355c20 elementor-widget elementor-widget-image\" data-id=\"9355c20\" data-element_type=\"widget\" data-widget_type=\"image.default\">\n\t\t\t\t<div class=\"elementor-widget-container\">\n\t\t\t\t\t\t\t\t\t\t\t\t\t\t\t<img width=\"300\" height=\"220\" src=\"https:\/\/www.frigoplast.net\/wordpress-2\/wp-content\/uploads\/img-gafiche@4x-300x220.png\" class=\"attachment-medium size-medium wp-image-360\" alt=\"\" loading=\"lazy\" srcset=\"https:\/\/www.frigoplast.net\/wordpress-2\/wp-content\/uploads\/img-gafiche@4x-300x220.png 300w, https:\/\/www.frigoplast.net\/wordpress-2\/wp-content\/uploads\/img-gafiche@4x-1024x751.png 1024w, https:\/\/www.frigoplast.net\/wordpress-2\/wp-content\/uploads\/img-gafiche@4x-768x563.png 768w, https:\/\/www.frigoplast.net\/wordpress-2\/wp-content\/uploads\/img-gafiche@4x-1536x1126.png 1536w, https:\/\/www.frigoplast.net\/wordpress-2\/wp-content\/uploads\/img-gafiche@4x.png 1590w\" sizes=\"(max-width: 300px) 100vw, 300px\" \/>\t\t\t\t\t\t\t\t\t\t\t\t\t\t\t<\/div>\n\t\t\t\t<\/div>\n\t\t\t\t\t<\/div>\n\t\t<\/div>\n\t\t\t\t\t\t\t<\/div>\n\t\t<\/section>\n\t\t\t\t<section class=\"elementor-section elementor-top-section elementor-element elementor-element-fbac686 elementor-section-boxed elementor-section-height-default elementor-section-height-default\" data-id=\"fbac686\" data-element_type=\"section\">\n\t\t\t\t\t\t<div class=\"elementor-container elementor-column-gap-default\">\n\t\t\t\t\t<div class=\"elementor-column elementor-col-33 elementor-top-column elementor-element elementor-element-0fad615\" data-id=\"0fad615\" data-element_type=\"column\">\n\t\t\t<div class=\"elementor-widget-wrap elementor-element-populated\">\n\t\t\t\t\t\t\t\t<div class=\"elementor-element elementor-element-a98386b elementor-widget elementor-widget-heading\" data-id=\"a98386b\" data-element_type=\"widget\" data-widget_type=\"heading.default\">\n\t\t\t\t<div class=\"elementor-widget-container\">\n\t\t\t<h2 class=\"elementor-heading-title elementor-size-default\">Consulenza rinnovo pratiche ATP<\/h2>\t\t<\/div>\n\t\t\t\t<\/div>\n\t\t\t\t<div class=\"elementor-element elementor-element-b6e278b elementor-widget elementor-widget-text-editor\" data-id=\"b6e278b\" data-element_type=\"widget\" data-widget_type=\"text-editor.default\">\n\t\t\t\t<div class=\"elementor-widget-container\">\n\t\t\t\t\t\t\t<p>Espletamento e disbrigo di tutte le pratiche per il collaudo A.T.P.<\/p>\t\t\t\t\t\t<\/div>\n\t\t\t\t<\/div>\n\t\t\t\t\t<\/div>\n\t\t<\/div>\n\t\t\t\t<div class=\"elementor-column elementor-col-66 elementor-top-column elementor-element elementor-element-c8b55cd\" data-id=\"c8b55cd\" data-element_type=\"column\">\n\t\t\t<div class=\"elementor-widget-wrap elementor-element-populated\">\n\t\t\t\t\t\t\t\t<div class=\"elementor-element elementor-element-eecd5b4 elementor-widget elementor-widget-image\" data-id=\"eecd5b4\" data-element_type=\"widget\" data-widget_type=\"image.default\">\n\t\t\t\t<div class=\"elementor-widget-container\">\n\t\t\t\t\t\t\t\t\t\t\t\t\t\t\t<img width=\"213\" height=\"300\" src=\"https:\/\/www.frigoplast.net\/wordpress-2\/wp-content\/uploads\/atp-213x300.jpeg\" class=\"attachment-medium size-medium wp-image-290\" alt=\"\" loading=\"lazy\" srcset=\"https:\/\/www.frigoplast.net\/wordpress-2\/wp-content\/uploads\/atp-213x300.jpeg 213w, https:\/\/www.frigoplast.net\/wordpress-2\/wp-content\/uploads\/atp-726x1024.jpeg 726w, https:\/\/www.frigoplast.net\/wordpress-2\/wp-content\/uploads\/atp.jpeg 748w\" sizes=\"(max-width: 213px) 100vw, 213px\" \/>\t\t\t\t\t\t\t\t\t\t\t\t\t\t\t<\/div>\n\t\t\t\t<\/div>\n\t\t\t\t\t<\/div>\n\t\t<\/div>\n\t\t\t\t\t\t\t<\/div>\n\t\t<\/section>\n\t\t\t\t<section class=\"elementor-section elementor-top-section elementor-element elementor-element-c3fb845 elementor-section-boxed elementor-section-height-default elementor-section-height-default\" data-id=\"c3fb845\" data-element_type=\"section\">\n\t\t\t\t\t\t<div class=\"elementor-container elementor-column-gap-default\">\n\t\t\t\t\t<div class=\"elementor-column elementor-col-100 elementor-top-column elementor-element elementor-element-ff4b6c7\" data-id=\"ff4b6c7\" data-element_type=\"column\">\n\t\t\t<div class=\"elementor-widget-wrap elementor-element-populated\">\n\t\t\t\t\t\t\t\t<div class=\"elementor-element elementor-element-1dd79e7 elementor-widget elementor-widget-image\" data-id=\"1dd79e7\" data-element_type=\"widget\" data-widget_type=\"image.default\">\n\t\t\t\t<div class=\"elementor-widget-container\">\n\t\t\t\t\t\t\t\t\t\t\t\t\t\t\t\t<a href=\"http:\/\/www.frigoplast.net\/wordpress-2\/index.php\/richiesta-info-e-preventivi\/\">\n\t\t\t\t\t\t\t<img width=\"150\" height=\"150\" src=\"https:\/\/www.frigoplast.net\/wordpress-2\/wp-content\/uploads\/Info-e-preventivi@4x-150x150.png\" class=\"attachment-thumbnail size-thumbnail wp-image-347\" alt=\"\" loading=\"lazy\" \/>\t\t\t\t\t\t\t\t<\/a>\n\t\t\t\t\t\t\t\t\t\t\t\t\t\t\t<\/div>\n\t\t\t\t<\/div>\n\t\t\t\t\t<\/div>\n\t\t<\/div>\n\t\t\t\t\t\t\t<\/div>\n\t\t<\/section>\n\t\t\t\t\t\t\t<\/div>\n\t\t","protected":false},"excerpt":{"rendered":"<p>Vendita L&#8217;azienda ha spesso a disposizione mezzi in pronta consegna che possano sopperire alle esigenze della maggior parte dei clienti . Assistenza post vendita e ripristini L&#8217;assistenza non termina dopo l&#8217;acquisto. \u00c8 la nostra assistenza post-vendita che si occupa del supporto. Il nostro supporto \u00e8 molto pi\u00f9 di una semplice garanzia: \u00e8 un modo per &#8230; <a title=\"Servizi\" class=\"read-more\" href=\"https:\/\/www.frigoplast.net\/wordpress-2\/index.php\/servizi\/\" aria-label=\"Leggi di pi\u00f9 su Servizi\">Leggi tutto<\/a><\/p>\n","protected":false},"author":1,"featured_media":0,"parent":0,"menu_order":0,"comment_status":"closed","ping_status":"closed","template":"","meta":[],"_links":{"self":[{"href":"https:\/\/www.frigoplast.net\/wordpress-2\/index.php\/wp-json\/wp\/v2\/pages\/218"}],"collection":[{"href":"https:\/\/www.frigoplast.net\/wordpress-2\/index.php\/wp-json\/wp\/v2\/pages"}],"about":[{"href":"https:\/\/www.frigoplast.net\/wordpress-2\/index.php\/wp-json\/wp\/v2\/types\/page"}],"author":[{"embeddable":true,"href":"https:\/\/www.frigoplast.net\/wordpress-2\/index.php\/wp-json\/wp\/v2\/users\/1"}],"replies":[{"embeddable":true,"href":"https:\/\/www.frigoplast.net\/wordpress-2\/index.php\/wp-json\/wp\/v2\/comments?post=218"}],"version-history":[{"count":25,"href":"https:\/\/www.frigoplast.net\/wordpress-2\/index.php\/wp-json\/wp\/v2\/pages\/218\/revisions"}],"predecessor-version":[{"id":429,"href":"https:\/\/www.frigoplast.net\/wordpress-2\/index.php\/wp-json\/wp\/v2\/pages\/218\/revisions\/429"}],"wp:attachment":[{"href":"https:\/\/www.frigoplast.net\/wordpress-2\/index.php\/wp-json\/wp\/v2\/media?parent=218"}],"curies":[{"name":"wp","href":"https:\/\/api.w.org\/{rel}","templated":true}]}}